{"id":1914,"date":"2023-10-05T15:17:49","date_gmt":"2023-10-05T13:17:49","guid":{"rendered":"https:\/\/ducloskevin.com\/?page_id=1914"},"modified":"2024-05-28T20:44:35","modified_gmt":"2024-05-28T18:44:35","slug":"a-propos-2","status":"publish","type":"page","link":"https:\/\/ducloskevin.com\/en\/a-propos-2\/","title":{"rendered":"About"},"content":{"rendered":"<div data-elementor-type=\"wp-page\" data-elementor-id=\"1914\" class=\"elementor elementor-1914\" data-elementor-post-type=\"page\">\n\t\t\t\t<div class=\"elementor-element elementor-element-d238dea e-flex e-con-boxed e-con e-parent\" data-id=\"d238dea\" data-element_type=\"container\">\n\t\t\t\t\t<div class=\"e-con-inner\">\n\t\t<div class=\"elementor-element elementor-element-ba5e833 e-con-full e-flex e-con e-child\" data-id=\"ba5e833\" data-element_type=\"container\">\n\t\t\t\t<div class=\"elementor-element elementor-element-a79c912 animated-slow elementor-invisible elementor-widget elementor-widget-image\" data-id=\"a79c912\" data-element_type=\"widget\" data-settings=\"{&quot;_animation&quot;:&quot;fadeInDown&quot;,&quot;_animation_delay&quot;:0}\" data-widget_type=\"image.default\">\n\t\t\t\t<div class=\"elementor-widget-container\">\n\t\t\t\t\t\t\t\t\t\t\t\t<figure class=\"wp-caption\">\n\t\t\t\t\t\t\t\t\t\t<img decoding=\"async\" src=\"https:\/\/ducloskevin.com\/wp-content\/uploads\/elementor\/thumbs\/DSCF8351-copie-qdfaw7mcqi9c85l6kzzeo6n2lhkhclhyz86qtjsmy8.jpg\" title=\"DSCF8351 copie\" alt=\"DSCF8351 copie\" loading=\"lazy\" \/>\t\t\t\t\t\t\t\t\t\t\t<figcaption class=\"widget-image-caption wp-caption-text\"><\/figcaption>\n\t\t\t\t\t\t\t\t\t\t<\/figure>\n\t\t\t\t\t\t\t\t\t<\/div>\n\t\t\t\t<\/div>\n\t\t\t\t<\/div>\n\t\t<div class=\"elementor-element elementor-element-0808fa5 e-flex e-con-boxed e-con e-child\" data-id=\"0808fa5\" data-element_type=\"container\">\n\t\t\t\t\t<div class=\"e-con-inner\">\n\t\t<div class=\"elementor-element elementor-element-028b84f e-flex e-con-boxed e-con e-child\" data-id=\"028b84f\" data-element_type=\"container\">\n\t\t\t\t\t<div class=\"e-con-inner\">\n\t\t\t\t<div class=\"elementor-element elementor-element-f79800a e-transform animated-slow elementor-invisible elementor-widget elementor-widget-text-editor\" data-id=\"f79800a\" data-element_type=\"widget\" data-settings=\"{&quot;_transform_translateX_effect&quot;:{&quot;unit&quot;:&quot;px&quot;,&quot;size&quot;:-5,&quot;sizes&quot;:[]},&quot;_transform_translateY_effect&quot;:{&quot;unit&quot;:&quot;px&quot;,&quot;size&quot;:-45,&quot;sizes&quot;:[]},&quot;_animation&quot;:&quot;fadeInRight&quot;,&quot;_transform_translateX_effect_tablet&quot;:{&quot;unit&quot;:&quot;px&quot;,&quot;size&quot;:&quot;&quot;,&quot;sizes&quot;:[]},&quot;_transform_translateX_effect_mobile&quot;:{&quot;unit&quot;:&quot;px&quot;,&quot;size&quot;:&quot;&quot;,&quot;sizes&quot;:[]},&quot;_transform_translateY_effect_tablet&quot;:{&quot;unit&quot;:&quot;px&quot;,&quot;size&quot;:&quot;&quot;,&quot;sizes&quot;:[]},&quot;_transform_translateY_effect_mobile&quot;:{&quot;unit&quot;:&quot;px&quot;,&quot;size&quot;:&quot;&quot;,&quot;sizes&quot;:[]}}\" data-widget_type=\"text-editor.default\">\n\t\t\t\t<div class=\"elementor-widget-container\">\n\t\t\t\t\t\t\t\t\t<p>\u00a9 Mathis Blaisse<\/p>\t\t\t\t\t\t\t\t<\/div>\n\t\t\t\t<\/div>\n\t\t\t\t\t<\/div>\n\t\t\t\t<\/div>\n\t\t\t\t<div class=\"elementor-element elementor-element-8c95fe6 animated-slow elementor-invisible elementor-widget elementor-widget-heading\" data-id=\"8c95fe6\" data-element_type=\"widget\" data-settings=\"{&quot;_animation&quot;:&quot;fadeInLeft&quot;}\" data-widget_type=\"heading.default\">\n\t\t\t\t<div class=\"elementor-widget-container\">\n\t\t\t\t\t<h2 class=\"elementor-heading-title elementor-size-default\"><span style=\"text-align: var(--text-align);background-color: var(--ast-global-color-5)\">\u219f<span style=\"font-size: 2rem\"> <\/span><\/span>Biographie \u219f<br><\/h2>\t\t\t\t<\/div>\n\t\t\t\t<\/div>\n\t\t\t\t\t<\/div>\n\t\t\t\t<\/div>\n\t\t<div class=\"elementor-element elementor-element-f8c1c22 e-con-full e-flex e-con e-child\" data-id=\"f8c1c22\" data-element_type=\"container\">\n\t\t\t\t<div class=\"elementor-element elementor-element-3f3eb53 animated-slow elementor-invisible elementor-widget elementor-widget-image\" data-id=\"3f3eb53\" data-element_type=\"widget\" data-settings=\"{&quot;_animation&quot;:&quot;fadeInLeft&quot;}\" data-widget_type=\"image.default\">\n\t\t\t\t<div class=\"elementor-widget-container\">\n\t\t\t\t\t\t\t\t\t\t\t\t\t\t\t<img fetchpriority=\"high\" decoding=\"async\" width=\"702\" height=\"2560\" src=\"https:\/\/ducloskevin.com\/wp-content\/uploads\/2023\/10\/image0-1-copie-1-scaled.jpg\" class=\"attachment-full size-full wp-image-2275\" alt=\"\" srcset=\"https:\/\/ducloskevin.com\/wp-content\/uploads\/2023\/10\/image0-1-copie-1-scaled.jpg 702w, https:\/\/ducloskevin.com\/wp-content\/uploads\/2023\/10\/image0-1-copie-1-82x300.jpg 82w, https:\/\/ducloskevin.com\/wp-content\/uploads\/2023\/10\/image0-1-copie-1-281x1024.jpg 281w, https:\/\/ducloskevin.com\/wp-content\/uploads\/2023\/10\/image0-1-copie-1-768x2800.jpg 768w, https:\/\/ducloskevin.com\/wp-content\/uploads\/2023\/10\/image0-1-copie-1-421x1536.jpg 421w, https:\/\/ducloskevin.com\/wp-content\/uploads\/2023\/10\/image0-1-copie-1-562x2048.jpg 562w\" sizes=\"(max-width: 702px) 100vw, 702px\" \/>\t\t\t\t\t\t\t\t\t\t\t\t\t\t\t<\/div>\n\t\t\t\t<\/div>\n\t\t\t\t<\/div>\n\t\t<div class=\"elementor-element elementor-element-3c99b8a e-con-full e-flex e-con e-child\" data-id=\"3c99b8a\" data-element_type=\"container\">\n\t\t\t\t<div class=\"elementor-element elementor-element-b19c617 e-transform animated-slow elementor-invisible elementor-widget elementor-widget-text-editor\" data-id=\"b19c617\" data-element_type=\"widget\" data-settings=\"{&quot;_transform_translateX_effect&quot;:{&quot;unit&quot;:&quot;px&quot;,&quot;size&quot;:-200,&quot;sizes&quot;:[]},&quot;_transform_translateX_effect_mobile&quot;:{&quot;unit&quot;:&quot;px&quot;,&quot;size&quot;:0,&quot;sizes&quot;:[]},&quot;_transform_translateY_effect&quot;:{&quot;unit&quot;:&quot;px&quot;,&quot;size&quot;:650,&quot;sizes&quot;:[]},&quot;_transform_translateY_effect_mobile&quot;:{&quot;unit&quot;:&quot;px&quot;,&quot;size&quot;:-20,&quot;sizes&quot;:[]},&quot;_animation&quot;:&quot;fadeInLeft&quot;,&quot;_transform_translateX_effect_tablet&quot;:{&quot;unit&quot;:&quot;px&quot;,&quot;size&quot;:-130,&quot;sizes&quot;:[]},&quot;_transform_translateY_effect_tablet&quot;:{&quot;unit&quot;:&quot;px&quot;,&quot;size&quot;:400,&quot;sizes&quot;:[]}}\" data-widget_type=\"text-editor.default\">\n\t\t\t\t<div class=\"elementor-widget-container\">\n\t\t\t\t\t\t\t\t\t<p>\u00a9Philom\u00e8ne Authelet<\/p>\t\t\t\t\t\t\t\t<\/div>\n\t\t\t\t<\/div>\n\t\t\t\t<div class=\"elementor-element elementor-element-9897e68 elementor-drop-cap-yes elementor-widget__width-initial e-transform animated-slow elementor-drop-cap-view-default elementor-invisible elementor-widget elementor-widget-text-editor\" data-id=\"9897e68\" data-element_type=\"widget\" data-settings=\"{&quot;drop_cap&quot;:&quot;yes&quot;,&quot;_transform_translateY_effect&quot;:{&quot;unit&quot;:&quot;px&quot;,&quot;size&quot;:-60,&quot;sizes&quot;:[]},&quot;_transform_translateY_effect_mobile&quot;:{&quot;unit&quot;:&quot;px&quot;,&quot;size&quot;:-10,&quot;sizes&quot;:[]},&quot;_animation&quot;:&quot;fadeInUp&quot;,&quot;_transform_translateX_effect&quot;:{&quot;unit&quot;:&quot;px&quot;,&quot;size&quot;:&quot;&quot;,&quot;sizes&quot;:[]},&quot;_transform_translateX_effect_tablet&quot;:{&quot;unit&quot;:&quot;px&quot;,&quot;size&quot;:&quot;&quot;,&quot;sizes&quot;:[]},&quot;_transform_translateX_effect_mobile&quot;:{&quot;unit&quot;:&quot;px&quot;,&quot;size&quot;:&quot;&quot;,&quot;sizes&quot;:[]},&quot;_transform_translateY_effect_tablet&quot;:{&quot;unit&quot;:&quot;px&quot;,&quot;size&quot;:&quot;&quot;,&quot;sizes&quot;:[]}}\" data-widget_type=\"text-editor.default\">\n\t\t\t\t<div class=\"elementor-widget-container\">\n\t\t\t\t\t\t\t\t\t<p>I discovered wildlife photography in the summer of 2020. At first, I used my camera as an observation tool to identify pollinator species. It was with a digital eye, paradoxically, that I learned to observe nature in a completely different way.\u00a0<\/p><p>I\u2019m fascinated with the complexity of nature and its\ninteraction with the elements that compose it. I have always\nbeen interested in learning more about our environment.\u00a0<\/p><p>Gr\u00e2ce \u00e0 mes \u00e9tudes en gestion et protection de la nature, j&rsquo;ai appris \u00e0 voir le monde sous un jour nouveau. Au cours de ces derni\u00e8res ann\u00e9es, j&rsquo;ai pass\u00e9 d&rsquo;innombrables heures dans la nature \u00e0 observer et capturer des moments\u00a0 qui \u00e9chappent \u00e0 bon nombre d&rsquo;entre nous . Cette voie m&rsquo;a permis de me rapprocher d&rsquo;une faune cach\u00e9e et de d\u00e9couvrir une mosa\u00efque d&rsquo;habitats qui abrite des individus aussi exceptionnels les uns que les autres.\u00a0\u00a0<\/p><p>Notre plan\u00e8te compte une multitude de formes de vie qui remplissent et enrichissent les \u00e9cosyst\u00e8mes. C&rsquo;est cet aspect que j&rsquo;aimerais partager avec vous \u00e0 travers mes photos qui ne montrent qu&rsquo;une infime partie du sauvage.<\/p><p>Kevin Duclos<\/p>\t\t\t\t\t\t\t\t<\/div>\n\t\t\t\t<\/div>\n\t\t<div class=\"elementor-element elementor-element-7ba8f10 e-flex e-con-boxed e-con e-child\" data-id=\"7ba8f10\" data-element_type=\"container\">\n\t\t\t\t\t<div class=\"e-con-inner\">\n\t\t\t\t\t<\/div>\n\t\t\t\t<\/div>\n\t\t\t\t<\/div>\n\t\t\t\t\t<\/div>\n\t\t\t\t<\/div>\n\t\t\t\t<\/div>","protected":false},"excerpt":{"rendered":"<p>\u00a9 Mathis Blaisse \u219f Biographie \u219f \u00a9Philom\u00e8ne Authelet J&rsquo;ai d\u00e9couvert la photographie animali\u00e8re durant l&rsquo;\u00e9t\u00e9 2020. Au d\u00e9but l&rsquo;appareil photo me servait d&rsquo;outil d&rsquo;observation pour identifier les esp\u00e8ces pollinisatrices. C&rsquo;est paradoxalement \u00e0 l&rsquo;aide d&rsquo;un oeil num\u00e9rique que j&rsquo;ai appris \u00e0 observer la nature d&rsquo;une tout autre mani\u00e8re.\u00a0 J&rsquo;ai toujours \u00e9t\u00e9 fascin\u00e9 par la complexit\u00e9 de [&hellip;]<\/p>","protected":false},"author":1,"featured_media":0,"parent":0,"menu_order":0,"comment_status":"closed","ping_status":"closed","template":"","meta":{"_uag_custom_page_level_css":"","site-sidebar-layout":"no-sidebar","site-content-layout":"","ast-site-content-layout":"full-width-container","site-content-style":"default","site-sidebar-style":"default","ast-global-header-display":"","ast-banner-title-visibility":"","ast-main-header-display":"","ast-hfb-above-header-display":"","ast-hfb-below-header-display":"","ast-hfb-mobile-header-display":"","site-post-title":"disabled","ast-breadcrumbs-content":"","ast-featured-img":"disabled","footer-sml-layout":"","theme-transparent-header-meta":"","adv-header-id-meta":"","stick-header-meta":"","header-above-stick-meta":"","header-main-stick-meta":"","header-below-stick-meta":"","astra-migrate-meta-layouts":"default","ast-page-background-enabled":"default","ast-page-background-meta":{"desktop":{"background-color":"var(--ast-global-color-4)","background-image":"","background-repeat":"repeat","background-position":"center center","background-size":"auto","background-attachment":"scroll","background-type":"","background-media":"","overlay-type":"","overlay-color":"","overlay-opacity":"","overlay-gradient":""},"tablet":{"background-color":"","background-image":"","background-repeat":"repeat","background-position":"center center","background-size":"auto","background-attachment":"scroll","background-type":"","background-media":"","overlay-type":"","overlay-color":"","overlay-opacity":"","overlay-gradient":""},"mobile":{"background-color":"","background-image":"","background-repeat":"repeat","background-position":"center center","background-size":"auto","background-attachment":"scroll","background-type":"","background-media":"","overlay-type":"","overlay-color":"","overlay-opacity":"","overlay-gradient":""}},"ast-content-background-meta":{"desktop":{"background-color":"var(--ast-global-color-5)","background-image":"","background-repeat":"repeat","background-position":"center center","background-size":"auto","background-attachment":"scroll","background-type":"","background-media":"","overlay-type":"","overlay-color":"","overlay-opacity":"","overlay-gradient":""},"tablet":{"background-color":"var(--ast-global-color-5)","background-image":"","background-repeat":"repeat","background-position":"center center","background-size":"auto","background-attachment":"scroll","background-type":"","background-media":"","overlay-type":"","overlay-color":"","overlay-opacity":"","overlay-gradient":""},"mobile":{"background-color":"var(--ast-global-color-5)","background-image":"","background-repeat":"repeat","background-position":"center center","background-size":"auto","background-attachment":"scroll","background-type":"","background-media":"","overlay-type":"","overlay-color":"","overlay-opacity":"","overlay-gradient":""}},"footnotes":""},"class_list":["post-1914","page","type-page","status-publish","hentry"],"uagb_featured_image_src":{"full":false,"thumbnail":false,"medium":false,"medium_large":false,"large":false,"1536x1536":false,"2048x2048":false,"trp-custom-language-flag":false},"uagb_author_info":{"display_name":"Kevin Duclos","author_link":"https:\/\/ducloskevin.com\/en\/author\/kevin-duclos\/"},"uagb_comment_info":0,"uagb_excerpt":"\u00a9 Mathis Blaisse \u219f Biographie \u219f \u00a9Philom\u00e8ne Authelet J&rsquo;ai d\u00e9couvert la photographie animali\u00e8re durant l&rsquo;\u00e9t\u00e9 2020. Au d\u00e9but l&rsquo;appareil photo me servait d&rsquo;outil d&rsquo;observation pour identifier les esp\u00e8ces pollinisatrices. C&rsquo;est paradoxalement \u00e0 l&rsquo;aide d&rsquo;un oeil num\u00e9rique que j&rsquo;ai appris \u00e0 observer la nature d&rsquo;une tout autre mani\u00e8re.\u00a0 J&rsquo;ai toujours \u00e9t\u00e9 fascin\u00e9 par la complexit\u00e9 de&hellip;","jetpack_sharing_enabled":true,"_links":{"self":[{"href":"https:\/\/ducloskevin.com\/en\/wp-json\/wp\/v2\/pages\/1914","targetHints":{"allow":["GET"]}}],"collection":[{"href":"https:\/\/ducloskevin.com\/en\/wp-json\/wp\/v2\/pages"}],"about":[{"href":"https:\/\/ducloskevin.com\/en\/wp-json\/wp\/v2\/types\/page"}],"author":[{"embeddable":true,"href":"https:\/\/ducloskevin.com\/en\/wp-json\/wp\/v2\/users\/1"}],"replies":[{"embeddable":true,"href":"https:\/\/ducloskevin.com\/en\/wp-json\/wp\/v2\/comments?post=1914"}],"version-history":[{"count":0,"href":"https:\/\/ducloskevin.com\/en\/wp-json\/wp\/v2\/pages\/1914\/revisions"}],"wp:attachment":[{"href":"https:\/\/ducloskevin.com\/en\/wp-json\/wp\/v2\/media?parent=1914"}],"curies":[{"name":"wp","href":"https:\/\/api.w.org\/{rel}","templated":true}]}}